{"id":1024,"date":"2024-08-29T16:22:53","date_gmt":"2024-08-29T16:22:53","guid":{"rendered":"https:\/\/ciaoostudio.com\/?page_id=1024"},"modified":"2024-09-05T14:36:22","modified_gmt":"2024-09-05T14:36:22","slug":"ilustracje","status":"publish","type":"page","link":"https:\/\/ciaoo.pl\/it\/ilustracje\/","title":{"rendered":"ilustracje"},"content":{"rendered":"<div class=\"_df_book df-lite\" id=\"df_1016\"  _slug=\"1016\" data-title=\"zajrzyj-do-srodka-ilustracje\" wpoptions=\"true\" thumbtype=\"\" ><\/div><script class=\"df-shortcode-script\" nowprocket type=\"application\/javascript\">window.option_df_1016 = {\"webgl\":\"false\",\"outline\":[],\"backgroundColor\":\"000000\",\"viewerType\":\"flipbook\",\"autoEnableOutline\":\"true\",\"autoEnableThumbnail\":\"false\",\"overwritePDFOutline\":\"false\",\"enableDownload\":\"false\",\"direction\":\"1\",\"pageSize\":\"0\",\"controlsPosition\":\"bottom\",\"maxTextureSize\":\"1024\",\"source\":\"https:\\\/\\\/ciaoo.pl\\\/wp-content\\\/uploads\\\/2024\\\/09\\\/ilustracje_flipbook.pdf\",\"wpOptions\":\"true\"}; if(window.DFLIP && window.DFLIP.parseBooks){window.DFLIP.parseBooks();}<\/script>\n\n\n\n<p><\/p>\n\n\n\n<div class=\"wp-block-buttons alignwide is-content-justification-center is-layout-flex wp-container-core-buttons-is-layout-a89b3969 wp-block-buttons-is-layout-flex\">\n<div class=\"wp-block-button is-style-outline is-style-outline--1\"><a class=\"wp-block-button__link wp-element-button\" href=\"https:\/\/ciaoo.pl\/it\/\">wr\u00f3\u0107 na stron\u0119 g\u0142\u00f3wn\u0105<\/a><\/div>\n<\/div>","protected":false},"excerpt":{"rendered":"","protected":false},"author":1,"featured_media":0,"parent":0,"menu_order":0,"comment_status":"closed","ping_status":"closed","template":"","meta":{"footnotes":""},"class_list":["post-1024","page","type-page","status-publish","hentry"],"_links":{"self":[{"href":"https:\/\/ciaoo.pl\/it\/wp-json\/wp\/v2\/pages\/1024","targetHints":{"allow":["GET"]}}],"collection":[{"href":"https:\/\/ciaoo.pl\/it\/wp-json\/wp\/v2\/pages"}],"about":[{"href":"https:\/\/ciaoo.pl\/it\/wp-json\/wp\/v2\/types\/page"}],"author":[{"embeddable":true,"href":"https:\/\/ciaoo.pl\/it\/wp-json\/wp\/v2\/users\/1"}],"replies":[{"embeddable":true,"href":"https:\/\/ciaoo.pl\/it\/wp-json\/wp\/v2\/comments?post=1024"}],"version-history":[{"count":3,"href":"https:\/\/ciaoo.pl\/it\/wp-json\/wp\/v2\/pages\/1024\/revisions"}],"predecessor-version":[{"id":1163,"href":"https:\/\/ciaoo.pl\/it\/wp-json\/wp\/v2\/pages\/1024\/revisions\/1163"}],"wp:attachment":[{"href":"https:\/\/ciaoo.pl\/it\/wp-json\/wp\/v2\/media?parent=1024"}],"curies":[{"name":"wp","href":"https:\/\/api.w.org\/{rel}","templated":true}]}}