{"id":14,"date":"2024-03-13T12:58:58","date_gmt":"2024-03-13T12:58:58","guid":{"rendered":"https:\/\/ciaoostudio.com\/?page_id=14"},"modified":"2024-09-05T17:07:24","modified_gmt":"2024-09-05T17:07:24","slug":"wspolpraca","status":"publish","type":"page","link":"https:\/\/ciaoo.pl\/it\/wspolpraca\/","title":{"rendered":"wsp\u00f3\u0142praca i kontakt"},"content":{"rendered":"<div class=\"wp-block-cover alignfull is-light\" style=\"margin-top:0;padding-top:3vw;padding-right:6vw;padding-bottom:3vw;padding-left:6vw\"><span aria-hidden=\"true\" class=\"wp-block-cover__background has-senary-background-color has-background-dim-100 has-background-dim\"><\/span><div class=\"wp-block-cover__inner-container is-layout-flow wp-block-cover-is-layout-flow\">\n<div class=\"wp-block-group is-content-justification-center is-layout-flex wp-container-core-group-is-layout-82565499 wp-block-group-is-layout-flex\">\n<div class=\"wp-block-group alignwide wp-container-content-ceb7f5b3 has-global-padding is-content-justification-left is-layout-constrained wp-container-core-group-is-layout-3c94fe0c wp-block-group-is-layout-constrained\">\n<h2 class=\"wp-block-heading alignwide has-text-align-left has-secondary-color has-text-color has-huge-font-size\" style=\"font-style:normal;font-weight:500;line-height:0.9;text-transform:none\">Masz pomys\u0142 na nasz\u0105 wsp\u00f3\u0142prac\u0119?<\/h2>\n\n\n\n<div style=\"height:24px\" aria-hidden=\"true\" class=\"wp-block-spacer\"><\/div>\n\n\n\n<p class=\"has-text-align-left has-contrast-color has-text-color has-normal-font-size\">Chcesz zorganizowa\u0107 <strong>warsztaty kulinarne<\/strong>, masz ochot\u0119 na <strong>indywidualne lub grupowe lekcje gotowania <\/strong>lub po prostu chcesz mnie pozna\u0107? <\/p>\n\n\n\n<div style=\"height:40px\" aria-hidden=\"true\" class=\"wp-block-spacer\"><\/div>\n\n\n\n<div class=\"wp-block-buttons is-content-justification-left is-nowrap is-layout-flex wp-container-core-buttons-is-layout-92e17da2 wp-block-buttons-is-layout-flex\">\n<div class=\"wp-block-button has-custom-font-size is-style-fill has-small-font-size\" style=\"font-style:normal;font-weight:500;letter-spacing:0px;text-transform:uppercase\"><a class=\"wp-block-button__link has-base-color has-contrast-background-color has-text-color has-background wp-element-button\" href=\"mailto:czesc@ciaoo.pl\" style=\"border-radius:0px;padding-top:24px;padding-right:48px;padding-bottom:24px;padding-left:48px\">napisz do mnie<\/a><\/div>\n<\/div>\n<\/div>\n\n\n\n<div class=\"wp-block-group is-content-justification-right is-nowrap is-layout-flex wp-container-core-group-is-layout-59a2d94b wp-block-group-is-layout-flex\">\n<div class=\"wp-block-group wp-container-content-0733e5d0 is-layout-flow wp-block-group-is-layout-flow\">\n<div style=\"height:8vw\" aria-hidden=\"true\" class=\"wp-block-spacer\"><\/div>\n\n\n\n<figure class=\"wp-block-image size-large wp-container-content-0733e5d0 wp-duotone-unset-1\"><img loading=\"lazy\" decoding=\"async\" width=\"590\" height=\"1024\" src=\"https:\/\/ciaoo.pl\/wp-content\/uploads\/2024\/09\/Marco_i_chleb-590x1024.jpg\" alt=\"\" class=\"wp-image-1179\" srcset=\"https:\/\/ciaoo.pl\/wp-content\/uploads\/2024\/09\/Marco_i_chleb-590x1024.jpg 590w, https:\/\/ciaoo.pl\/wp-content\/uploads\/2024\/09\/Marco_i_chleb-173x300.jpg 173w, https:\/\/ciaoo.pl\/wp-content\/uploads\/2024\/09\/Marco_i_chleb-768x1332.jpg 768w, https:\/\/ciaoo.pl\/wp-content\/uploads\/2024\/09\/Marco_i_chleb-886x1536.jpg 886w, https:\/\/ciaoo.pl\/wp-content\/uploads\/2024\/09\/Marco_i_chleb.jpg 1179w\" sizes=\"auto, (max-width: 590px) 100vw, 590px\" \/><\/figure>\n<\/div>\n\n\n\n<figure class=\"wp-block-image size-large wp-container-content-0733e5d0 wp-duotone-unset-2\"><img loading=\"lazy\" decoding=\"async\" width=\"590\" height=\"1024\" src=\"https:\/\/ciaoo.pl\/wp-content\/uploads\/2024\/09\/Marco_i_zakwas-590x1024.jpg\" alt=\"\" class=\"wp-image-1178\" srcset=\"https:\/\/ciaoo.pl\/wp-content\/uploads\/2024\/09\/Marco_i_zakwas-590x1024.jpg 590w, https:\/\/ciaoo.pl\/wp-content\/uploads\/2024\/09\/Marco_i_zakwas-173x300.jpg 173w, https:\/\/ciaoo.pl\/wp-content\/uploads\/2024\/09\/Marco_i_zakwas-768x1333.jpg 768w, https:\/\/ciaoo.pl\/wp-content\/uploads\/2024\/09\/Marco_i_zakwas-885x1536.jpg 885w, https:\/\/ciaoo.pl\/wp-content\/uploads\/2024\/09\/Marco_i_zakwas.jpg 1179w\" sizes=\"auto, (max-width: 590px) 100vw, 590px\" \/><\/figure>\n<\/div>\n<\/div>\n<\/div><\/div>\n\n\n\n<div id=\"sb_instagram\"  class=\"sbi sbi_mob_col_1 sbi_tab_col_3 sbi_col_5 sbi_width_resp\" style=\"padding-bottom: 10px;\"\t data-feedid=\"*1\"  data-res=\"auto\" data-cols=\"5\" data-colsmobile=\"1\" data-colstablet=\"3\" data-num=\"5\" data-nummobile=\"3\" data-item-padding=\"5\"\t data-shortcode-atts=\"{&quot;feed&quot;:&quot;1&quot;}\"  data-postid=\"14\" data-locatornonce=\"7585aa660a\" data-imageaspectratio=\"1:1\" data-sbi-flags=\"favorLocal\">\n\t\n\t<div id=\"sbi_images\"  style=\"gap: 10px;\">\n\t\t\t<\/div>\n\n\t<div id=\"sbi_load\" >\n\n\t\n\t\t\t<span class=\"sbi_follow_btn sbi_custom\" >\n\t\t\t<a target=\"_blank\"\n\t\t\t\trel=\"nofollow noopener\"  href=\"https:\/\/www.instagram.com\/marcobiasone_masterchef_x\/\" style=\"background: rgb(64,139,209);\">\n\t\t\t\t<svg class=\"svg-inline--fa fa-instagram fa-w-14\" aria-hidden=\"true\" data-fa-processed=\"\" aria-label=\"Instagram\" data-prefix=\"fab\" data-icon=\"instagram\" role=\"img\" viewbox=\"0 0 448 512\">\n                    <path fill=\"currentColor\" d=\"M224.1 141c-63.6 0-114.9 51.3-114.9 114.9s51.3 114.9 114.9 114.9S339 319.5 339 255.9 287.7 141 224.1 141zm0 189.6c-41.1 0-74.7-33.5-74.7-74.7s33.5-74.7 74.7-74.7 74.7 33.5 74.7 74.7-33.6 74.7-74.7 74.7zm146.4-194.3c0 14.9-12 26.8-26.8 26.8-14.9 0-26.8-12-26.8-26.8s12-26.8 26.8-26.8 26.8 12 26.8 26.8zm76.1 27.2c-1.7-35.9-9.9-67.7-36.2-93.9-26.2-26.2-58-34.4-93.9-36.2-37-2.1-147.9-2.1-184.9 0-35.8 1.7-67.6 9.9-93.9 36.1s-34.4 58-36.2 93.9c-2.1 37-2.1 147.9 0 184.9 1.7 35.9 9.9 67.7 36.2 93.9s58 34.4 93.9 36.2c37 2.1 147.9 2.1 184.9 0 35.9-1.7 67.7-9.9 93.9-36.2 26.2-26.2 34.4-58 36.2-93.9 2.1-37 2.1-147.8 0-184.8zM398.8 388c-7.8 19.6-22.9 34.7-42.6 42.6-29.5 11.7-99.5 9-132.1 9s-102.7 2.6-132.1-9c-19.6-7.8-34.7-22.9-42.6-42.6-11.7-29.5-9-99.5-9-132.1s-2.6-102.7 9-132.1c7.8-19.6 22.9-34.7 42.6-42.6 29.5-11.7 99.5-9 132.1-9s102.7-2.6 132.1 9c19.6 7.8 34.7 22.9 42.6 42.6 11.7 29.5 9 99.5 9 132.1s2.7 102.7-9 132.1z\"><\/path>\n                <\/svg>\t\t\t\t<span>Segui su Instagram<\/span>\n\t\t\t<\/a>\n\t\t<\/span>\n\t\n<\/div>\n\t\t<span class=\"sbi_resized_image_data\" data-feed-id=\"*1\"\n\t\t  data-resized=\"[]\">\n\t<\/span>\n\t<\/div>","protected":false},"excerpt":{"rendered":"","protected":false},"author":1,"featured_media":0,"parent":0,"menu_order":0,"comment_status":"closed","ping_status":"closed","template":"","meta":{"footnotes":""},"class_list":["post-14","page","type-page","status-publish","hentry"],"_links":{"self":[{"href":"https:\/\/ciaoo.pl\/it\/wp-json\/wp\/v2\/pages\/14","targetHints":{"allow":["GET"]}}],"collection":[{"href":"https:\/\/ciaoo.pl\/it\/wp-json\/wp\/v2\/pages"}],"about":[{"href":"https:\/\/ciaoo.pl\/it\/wp-json\/wp\/v2\/types\/page"}],"author":[{"embeddable":true,"href":"https:\/\/ciaoo.pl\/it\/wp-json\/wp\/v2\/users\/1"}],"replies":[{"embeddable":true,"href":"https:\/\/ciaoo.pl\/it\/wp-json\/wp\/v2\/comments?post=14"}],"version-history":[{"count":40,"href":"https:\/\/ciaoo.pl\/it\/wp-json\/wp\/v2\/pages\/14\/revisions"}],"predecessor-version":[{"id":1361,"href":"https:\/\/ciaoo.pl\/it\/wp-json\/wp\/v2\/pages\/14\/revisions\/1361"}],"wp:attachment":[{"href":"https:\/\/ciaoo.pl\/it\/wp-json\/wp\/v2\/media?parent=14"}],"curies":[{"name":"wp","href":"https:\/\/api.w.org\/{rel}","templated":true}]}}