{"id":870,"date":"2024-08-27T17:09:43","date_gmt":"2024-08-27T17:09:43","guid":{"rendered":"https:\/\/ciaoostudio.com\/?page_id=870"},"modified":"2026-04-02T14:30:23","modified_gmt":"2026-04-02T14:30:23","slug":"e-book-presale","status":"publish","type":"page","link":"https:\/\/ciaoo.pl\/it\/e-book-presale\/","title":{"rendered":"e-book presale"},"content":{"rendered":"<div class=\"wp-block-cover alignfull is-light\" style=\"margin-top:0;padding-top:3vw;padding-right:6vw;padding-bottom:3vw;padding-left:6vw\"><span aria-hidden=\"true\" class=\"wp-block-cover__background has-senary-background-color has-background-dim-100 has-background-dim\"><\/span><div class=\"wp-block-cover__inner-container is-layout-flow wp-block-cover-is-layout-flow\">\n<div class=\"wp-block-group is-content-justification-center is-layout-flex wp-container-core-group-is-layout-82565499 wp-block-group-is-layout-flex\">\n<div class=\"wp-block-group alignwide wp-container-content-ceb7f5b3 has-global-padding is-content-justification-left is-layout-constrained wp-container-core-group-is-layout-852f5fc7 wp-block-group-is-layout-constrained\">\n<h2 class=\"wp-block-heading alignwide has-text-align-left has-vivid-red-color has-text-color\" style=\"font-size:clamp(39.111px, 2.444rem + ((1vw - 3.2px) * 2.118), 73px);font-style:normal;font-weight:500;line-height:0.9;text-transform:none\">&#8222;brudne r\u0119ce, czysty umys\u0142&#8221;<\/h2>\n\n\n\n<div style=\"height:24px\" aria-hidden=\"true\" class=\"wp-block-spacer\"><\/div>\n\n\n\n<p class=\"has-text-align-left has-contrast-color has-text-color has-normal-font-size\"><strong>to kompleksowy przewodnik, kt\u00f3ry poprowadzi Ci\u0119&nbsp;krok po kroku&nbsp;<\/strong>przez proces tworzenia i piel\u0119gnacji zakwasu, umo\u017cliwiaj\u0105c Ci pieczenie&nbsp;<strong>chleba<\/strong>,&nbsp;<strong>pizzy<\/strong>&nbsp;czy&nbsp;<strong>focacci<\/strong>&nbsp;jak profesjonalista, w zaciszu w\u0142asnego domu.<\/p>\n\n\n\n<div style=\"height:60px\" aria-hidden=\"true\" class=\"wp-block-spacer\"><\/div>\n\n\n\n<div class=\"wp-block-buttons is-content-justification-left is-nowrap is-layout-flex wp-container-core-buttons-is-layout-92e17da2 wp-block-buttons-is-layout-flex\">\n<div class=\"wp-block-button has-custom-font-size is-style-fill has-small-font-size\" style=\"font-style:normal;font-weight:500;letter-spacing:0px;text-transform:uppercase\"><a class=\"wp-block-button__link has-base-color has-contrast-background-color has-text-color has-background wp-element-button\" href=\"https:\/\/ciaoo.pl\/it\/czekam\/\" style=\"border-radius:0px;padding-top:24px;padding-right:48px;padding-bottom:24px;padding-left:48px\">zapisuj\u0119 si\u0119 na list\u0119 oczekuj\u0105cych!<\/a><\/div>\n<\/div>\n<\/div>\n\n\n\n<div class=\"wp-block-group is-content-justification-right is-nowrap is-layout-flex wp-container-core-group-is-layout-59a2d94b wp-block-group-is-layout-flex\">\n<div class=\"wp-block-group wp-container-content-0733e5d0 is-layout-flow wp-block-group-is-layout-flow\">\n<div style=\"height:8vw\" aria-hidden=\"true\" class=\"wp-block-spacer\"><\/div>\n\n\n\n<figure class=\"wp-block-image size-large wp-container-content-0733e5d0 wp-duotone-unset-1\"><img loading=\"lazy\" decoding=\"async\" width=\"590\" height=\"1024\" src=\"https:\/\/ciaoo.pl\/wp-content\/uploads\/2024\/09\/Marco_i_chleb-590x1024.jpg\" alt=\"\" class=\"wp-image-1179\" srcset=\"https:\/\/ciaoo.pl\/wp-content\/uploads\/2024\/09\/Marco_i_chleb-590x1024.jpg 590w, https:\/\/ciaoo.pl\/wp-content\/uploads\/2024\/09\/Marco_i_chleb-173x300.jpg 173w, https:\/\/ciaoo.pl\/wp-content\/uploads\/2024\/09\/Marco_i_chleb-768x1332.jpg 768w, https:\/\/ciaoo.pl\/wp-content\/uploads\/2024\/09\/Marco_i_chleb-886x1536.jpg 886w, https:\/\/ciaoo.pl\/wp-content\/uploads\/2024\/09\/Marco_i_chleb.jpg 1179w\" sizes=\"auto, (max-width: 590px) 100vw, 590px\" \/><\/figure>\n<\/div>\n\n\n\n<figure class=\"wp-block-image size-large wp-container-content-0733e5d0 wp-duotone-unset-2\"><img loading=\"lazy\" decoding=\"async\" width=\"590\" height=\"1024\" src=\"https:\/\/ciaoo.pl\/wp-content\/uploads\/2024\/09\/Marco_i_zakwas-590x1024.jpg\" alt=\"\" class=\"wp-image-1178\" srcset=\"https:\/\/ciaoo.pl\/wp-content\/uploads\/2024\/09\/Marco_i_zakwas-590x1024.jpg 590w, https:\/\/ciaoo.pl\/wp-content\/uploads\/2024\/09\/Marco_i_zakwas-173x300.jpg 173w, https:\/\/ciaoo.pl\/wp-content\/uploads\/2024\/09\/Marco_i_zakwas-768x1333.jpg 768w, https:\/\/ciaoo.pl\/wp-content\/uploads\/2024\/09\/Marco_i_zakwas-885x1536.jpg 885w, https:\/\/ciaoo.pl\/wp-content\/uploads\/2024\/09\/Marco_i_zakwas.jpg 1179w\" sizes=\"auto, (max-width: 590px) 100vw, 590px\" \/><\/figure>\n<\/div>\n<\/div>\n<\/div><\/div>\n\n\n\n<div class=\"wp-block-group has-global-padding is-layout-constrained wp-block-group-is-layout-constrained\">\n<div style=\"height:100px\" aria-hidden=\"true\" class=\"wp-block-spacer\"><\/div>\n\n\n\n<div class=\"wp-block-group has-global-padding is-layout-constrained wp-block-group-is-layout-constrained\">\n<figure class=\"wp-block-image alignleft size-large is-resized\"><img loading=\"lazy\" decoding=\"async\" width=\"1024\" height=\"417\" src=\"https:\/\/ciaoo.pl\/wp-content\/uploads\/2024\/08\/pointing_hand-1024x417.png\" alt=\"\" class=\"wp-image-966\" style=\"width:205px;height:auto\" srcset=\"https:\/\/ciaoo.pl\/wp-content\/uploads\/2024\/08\/pointing_hand-1024x417.png 1024w, https:\/\/ciaoo.pl\/wp-content\/uploads\/2024\/08\/pointing_hand-300x122.png 300w, https:\/\/ciaoo.pl\/wp-content\/uploads\/2024\/08\/pointing_hand-768x313.png 768w, https:\/\/ciaoo.pl\/wp-content\/uploads\/2024\/08\/pointing_hand-1536x626.png 1536w, https:\/\/ciaoo.pl\/wp-content\/uploads\/2024\/08\/pointing_hand.png 1556w\" sizes=\"auto, (max-width: 1024px) 100vw, 1024px\" \/><\/figure>\n\n\n\n<div class=\"wp-block-group alignwide has-global-padding is-layout-constrained wp-container-core-group-is-layout-aa4ba910 wp-block-group-is-layout-constrained\">\n<div class=\"wp-block-group no-margin-left is-layout-flow wp-block-group-is-layout-flow\">\n<h2 class=\"wp-block-heading has-vivid-red-color has-text-color has-link-color wp-elements-c4ac27a7834aa863665d4f8fccb6a6e6\" style=\"font-size:clamp(46.987px, 2.937rem + ((1vw - 3.2px) * 2.813), 92px);line-height:1\">Dla kogo jest ten e-book? <\/h2>\n<\/div>\n\n\n\n<div class=\"wp-block-group no-margin-right is-layout-flow wp-block-group-is-layout-flow\">\n<p class=\"has-thinker-font-family has-extra-large-font-size\"><strong>&#8222;Brudne r\u0119ce, czysty umys\u0142&#8221; jest dla Ciebie je\u015bli:<\/strong><\/p>\n\n\n\n<ul class=\"wp-block-list has-poppins-font-family has-normal-font-size\">\n<li class=\"has-poppins-font-family has-small-font-size\" style=\"line-height:1.5\"><strong>masz do\u015b\u0107 tutoriali, kt\u00f3re ko\u0144cz\u0105 si\u0119 na 'wrzu\u0107 do miski i czekaj&#8217;<\/strong> &#8211; Ty chcesz wiedzie\u0107, co dzieje si\u0119 pod mask\u0105 \u2013 jakie czary sprawiaj\u0105, \u017ce ciasto ro\u015bnie!<\/li>\n\n\n\n<li class=\"has-poppins-font-family has-small-font-size\" style=\"line-height:1.5\"><strong>kochasz kuchenne eksperymenty, ale wiesz, \u017ce ka\u017cda magia zaczyna si\u0119 od solidnych podstaw<\/strong>;<\/li>\n\n\n\n<li class=\"has-poppins-font-family has-small-font-size\" style=\"line-height:1.5\"><strong>chcesz nie tylko piec chleb na zakwasie, ale tak\u017ce ogarn\u0105\u0107 ca\u0142\u0105 nauk\u0119 i sztuk\u0119, kt\u00f3ra za tym stoi<\/strong>;<\/li>\n\n\n\n<li class=\"has-poppins-font-family has-small-font-size\" style=\"line-height:1.5\"><strong>fascynuje Ci\u0119, \u017ce zakwas \u017cyje w\u0142asnym \u017cyciem<\/strong> &#8211; rozumiem to, dlaczego dowiesz si\u0119 co zakwas powinien je\u015b\u0107 na \u015bniadanie i jak o niego dba\u0107 aby Ci s\u0142u\u017cy\u0142&nbsp;d\u0142ugo i szcz\u0119\u015bliwie;<\/li>\n\n\n\n<li class=\"has-poppins-font-family has-small-font-size\" style=\"line-height:1.5\">te\u017c uwa\u017casz, \u017ce <strong>pieczenie chleba to nie tylko spos\u00f3b na karminie cia\u0142a, ale r\u00f3wnie\u017c pyszna reakcja chemiczna<\/strong>!<\/li>\n\n\n\n<li class=\"has-poppins-font-family has-small-font-size\" style=\"line-height:1.5\"><strong>nie boisz si\u0119 ubrudzi\u0107 r\u0105k (i kuchni)<\/strong>;<\/li>\n\n\n\n<li class=\"has-poppins-font-family has-small-font-size\" style=\"line-height:1.5\"><strong>czujesz, \u017ce chleb to nie tylko jedzenie, ale tak\u017ce spos\u00f3b na wyra\u017cenie siebie<\/strong>!<\/li>\n<\/ul>\n<\/div>\n\n\n\n<div style=\"height:100px\" aria-hidden=\"true\" class=\"wp-block-spacer\"><\/div>\n<\/div>\n<\/div>\n<\/div>\n\n\n\n<div style=\"height:51px\" aria-hidden=\"true\" class=\"wp-block-spacer\"><\/div>\n\n\n\n<div class=\"wp-block-group alignwide is-layout-flex wp-block-group-is-layout-flex\">\n<h2 class=\"wp-block-heading alignwide has-text-align-left has-foreground-color has-text-color has-link-color wp-elements-e26da86032921276e878079ba15edc0a wp-container-content-7efe0f6a\"><strong>Po przeczytaniu tego e-booka b\u0119dziesz wiedzie\u0107:<\/strong><\/h2>\n\n\n\n<div class=\"wp-block-group alignfull is-vertical is-layout-flex wp-container-core-group-is-layout-a4f8cc12 wp-block-group-is-layout-flex\" style=\"padding-right:0;padding-left:0\">\n<div class=\"wp-block-columns alignfull has-text-color has-background is-layout-flex wp-container-core-columns-is-layout-e0e4babd wp-block-columns-is-layout-flex\" style=\"color:#000000;background-color:#ffffff;padding-right:0;padding-left:0\">\n<div class=\"wp-block-column is-layout-flow wp-block-column-is-layout-flow\">\n<figure class=\"wp-block-image size-large is-resized\"><img loading=\"lazy\" decoding=\"async\" width=\"724\" height=\"1024\" src=\"https:\/\/ciaoo.pl\/wp-content\/uploads\/2024\/08\/IMG_0619-724x1024.jpeg\" alt=\"\" class=\"wp-image-654\" style=\"width:71px;height:auto\" srcset=\"https:\/\/ciaoo.pl\/wp-content\/uploads\/2024\/08\/IMG_0619-724x1024.jpeg 724w, https:\/\/ciaoo.pl\/wp-content\/uploads\/2024\/08\/IMG_0619-212x300.jpeg 212w, https:\/\/ciaoo.pl\/wp-content\/uploads\/2024\/08\/IMG_0619-768x1086.jpeg 768w, https:\/\/ciaoo.pl\/wp-content\/uploads\/2024\/08\/IMG_0619-1086x1536.jpeg 1086w, https:\/\/ciaoo.pl\/wp-content\/uploads\/2024\/08\/IMG_0619-1448x2048.jpeg 1448w, https:\/\/ciaoo.pl\/wp-content\/uploads\/2024\/08\/IMG_0619-600x849.jpeg 600w, https:\/\/ciaoo.pl\/wp-content\/uploads\/2024\/08\/IMG_0619-scaled.jpeg 1810w\" sizes=\"auto, (max-width: 724px) 100vw, 724px\" \/><\/figure>\n\n\n\n<h3 class=\"wp-block-heading has-text-color has-link-color wp-elements-cdf46ee34ed29e0b688f86027d93406c\" style=\"color:#6a99f6;font-size:clamp(15.747px, 0.984rem + ((1vw - 3.2px) * 0.516), 24px);line-height:1.3\"><strong>o zakwasie i jego przygotowaniu prawie wszystko!<\/strong><\/h3>\n\n\n\n<p>Dowiesz si\u0119 <strong>co wp\u0142ywa na si\u0142\u0119 zakwasu,<\/strong> poznasz proces &#8222;od zera do Bohatera&#8221;, dowiesz si\u0119 jak i czym go karmi\u0107 oraz jak u\u017cywa\u0107 do wymarzonych wypiek\u00f3w!<\/p>\n<\/div>\n\n\n\n<div class=\"wp-block-column is-layout-flow wp-block-column-is-layout-flow\">\n<figure class=\"wp-block-image size-large is-resized\"><img loading=\"lazy\" decoding=\"async\" width=\"724\" height=\"1024\" src=\"https:\/\/ciaoo.pl\/wp-content\/uploads\/2024\/08\/IMG_0619-724x1024.jpeg\" alt=\"\" class=\"wp-image-654\" style=\"width:71px;height:auto\" srcset=\"https:\/\/ciaoo.pl\/wp-content\/uploads\/2024\/08\/IMG_0619-724x1024.jpeg 724w, https:\/\/ciaoo.pl\/wp-content\/uploads\/2024\/08\/IMG_0619-212x300.jpeg 212w, https:\/\/ciaoo.pl\/wp-content\/uploads\/2024\/08\/IMG_0619-768x1086.jpeg 768w, https:\/\/ciaoo.pl\/wp-content\/uploads\/2024\/08\/IMG_0619-1086x1536.jpeg 1086w, https:\/\/ciaoo.pl\/wp-content\/uploads\/2024\/08\/IMG_0619-1448x2048.jpeg 1448w, https:\/\/ciaoo.pl\/wp-content\/uploads\/2024\/08\/IMG_0619-600x849.jpeg 600w, https:\/\/ciaoo.pl\/wp-content\/uploads\/2024\/08\/IMG_0619-scaled.jpeg 1810w\" sizes=\"auto, (max-width: 724px) 100vw, 724px\" \/><\/figure>\n\n\n\n<h3 class=\"wp-block-heading has-text-color has-link-color wp-elements-4991406a76fcb443ae3777bb1024742a\" style=\"color:#6a99f6;font-size:clamp(15.747px, 0.984rem + ((1vw - 3.2px) * 0.516), 24px);line-height:1.3\"><strong>poznasz<\/strong> <strong>Praktyczne porady i techniki<\/strong><\/h3>\n\n\n\n<p>Odkryj <strong>sprawdzone metody na uzyskanie najlepszych rezultat\u00f3w,<\/strong> w tym m.in. procedury dotycz\u0105ce temperatury, czasu wyrastania i formowania ciasta. <\/p>\n<\/div>\n\n\n\n<div class=\"wp-block-column is-layout-flow wp-block-column-is-layout-flow\">\n<figure class=\"wp-block-image size-large is-resized\"><img loading=\"lazy\" decoding=\"async\" width=\"724\" height=\"1024\" src=\"https:\/\/ciaoo.pl\/wp-content\/uploads\/2024\/08\/IMG_0619-724x1024.jpeg\" alt=\"\" class=\"wp-image-654\" style=\"width:71px;height:auto\" srcset=\"https:\/\/ciaoo.pl\/wp-content\/uploads\/2024\/08\/IMG_0619-724x1024.jpeg 724w, https:\/\/ciaoo.pl\/wp-content\/uploads\/2024\/08\/IMG_0619-212x300.jpeg 212w, https:\/\/ciaoo.pl\/wp-content\/uploads\/2024\/08\/IMG_0619-768x1086.jpeg 768w, https:\/\/ciaoo.pl\/wp-content\/uploads\/2024\/08\/IMG_0619-1086x1536.jpeg 1086w, https:\/\/ciaoo.pl\/wp-content\/uploads\/2024\/08\/IMG_0619-1448x2048.jpeg 1448w, https:\/\/ciaoo.pl\/wp-content\/uploads\/2024\/08\/IMG_0619-600x849.jpeg 600w, https:\/\/ciaoo.pl\/wp-content\/uploads\/2024\/08\/IMG_0619-scaled.jpeg 1810w\" sizes=\"auto, (max-width: 724px) 100vw, 724px\" \/><\/figure>\n\n\n\n<h3 class=\"wp-block-heading has-text-color has-link-color wp-elements-36898d045f16c9d5eec7c4d71309a518\" style=\"color:#6a99f6;font-size:clamp(15.747px, 0.984rem + ((1vw - 3.2px) * 0.516), 24px);line-height:1.3\"><strong>otrzymasz<\/strong> <strong>gotowe i sprawdzone przepisy<\/strong><\/h3>\n\n\n\n<p><strong>Przetestowane<\/strong>, sprawdzone i do tego gotowe przepisy na <strong>domowy chleb, pizz\u0119 i focacci\u0119<\/strong>, a do tego aplikacj\u0119, kt\u00f3ra liczy ile doda\u0107 konkretnych sk\u0142adnik\u00f3w zgodnie z tym co zamierzasz upiec! <strong>WOW<\/strong>!!<\/p>\n<\/div>\n<\/div>\n\n\n\n<div class=\"wp-block-columns alignfull has-text-color has-background is-layout-flex wp-container-core-columns-is-layout-e0e4babd wp-block-columns-is-layout-flex\" style=\"color:#000000;background-color:#ffffff;padding-right:0;padding-left:0\">\n<div class=\"wp-block-column is-layout-flow wp-block-column-is-layout-flow\">\n<figure class=\"wp-block-image size-large is-resized\"><img loading=\"lazy\" decoding=\"async\" width=\"724\" height=\"1024\" src=\"https:\/\/ciaoo.pl\/wp-content\/uploads\/2024\/08\/IMG_0619-724x1024.jpeg\" alt=\"\" class=\"wp-image-654\" style=\"width:71px;height:auto\" srcset=\"https:\/\/ciaoo.pl\/wp-content\/uploads\/2024\/08\/IMG_0619-724x1024.jpeg 724w, https:\/\/ciaoo.pl\/wp-content\/uploads\/2024\/08\/IMG_0619-212x300.jpeg 212w, https:\/\/ciaoo.pl\/wp-content\/uploads\/2024\/08\/IMG_0619-768x1086.jpeg 768w, https:\/\/ciaoo.pl\/wp-content\/uploads\/2024\/08\/IMG_0619-1086x1536.jpeg 1086w, https:\/\/ciaoo.pl\/wp-content\/uploads\/2024\/08\/IMG_0619-1448x2048.jpeg 1448w, https:\/\/ciaoo.pl\/wp-content\/uploads\/2024\/08\/IMG_0619-600x849.jpeg 600w, https:\/\/ciaoo.pl\/wp-content\/uploads\/2024\/08\/IMG_0619-scaled.jpeg 1810w\" sizes=\"auto, (max-width: 724px) 100vw, 724px\" \/><\/figure>\n\n\n\n<h3 class=\"wp-block-heading has-text-color has-link-color wp-elements-965c42583a927990023dd67f26782076\" style=\"color:#6a99f6;font-size:clamp(15.747px, 0.984rem + ((1vw - 3.2px) * 0.516), 24px);line-height:1.3\"><strong>jak dba\u0107 o zakwas i obserwowa\u0107 jego cykl \u017cycia aby dobrze go wykorzysta\u0107!<\/strong><\/h3>\n\n\n\n<p>Dowiesz si\u0119 <strong>jak wykorzystywa\u0107 sk\u0142adniki i zmienne \u015brodowiskowe, <\/strong>aby uzyska\u0107 wypieki, kt\u00f3re s\u0105 zawsze doskona\u0142ej jako\u015bci z uwzgl\u0119dnieniem faz \u017cycia zakwasu! <\/p>\n<\/div>\n\n\n\n<div class=\"wp-block-column is-layout-flow wp-block-column-is-layout-flow\">\n<figure class=\"wp-block-image size-large is-resized\"><img loading=\"lazy\" decoding=\"async\" width=\"724\" height=\"1024\" src=\"https:\/\/ciaoo.pl\/wp-content\/uploads\/2024\/08\/IMG_0619-724x1024.jpeg\" alt=\"\" class=\"wp-image-654\" style=\"width:71px;height:auto\" srcset=\"https:\/\/ciaoo.pl\/wp-content\/uploads\/2024\/08\/IMG_0619-724x1024.jpeg 724w, https:\/\/ciaoo.pl\/wp-content\/uploads\/2024\/08\/IMG_0619-212x300.jpeg 212w, https:\/\/ciaoo.pl\/wp-content\/uploads\/2024\/08\/IMG_0619-768x1086.jpeg 768w, https:\/\/ciaoo.pl\/wp-content\/uploads\/2024\/08\/IMG_0619-1086x1536.jpeg 1086w, https:\/\/ciaoo.pl\/wp-content\/uploads\/2024\/08\/IMG_0619-1448x2048.jpeg 1448w, https:\/\/ciaoo.pl\/wp-content\/uploads\/2024\/08\/IMG_0619-600x849.jpeg 600w, https:\/\/ciaoo.pl\/wp-content\/uploads\/2024\/08\/IMG_0619-scaled.jpeg 1810w\" sizes=\"auto, (max-width: 724px) 100vw, 724px\" \/><\/figure>\n\n\n\n<h3 class=\"wp-block-heading has-text-color has-link-color wp-elements-4912646f48e7437d5c2f2186f5314cc8\" style=\"color:#6a99f6;font-size:clamp(15.747px, 0.984rem + ((1vw - 3.2px) * 0.516), 24px);line-height:1.3\"><strong>co o pieczeniu na zakwasie m\u00f3wi nauka  <\/strong><\/h3>\n\n\n\n<p>W nieco bardziej <strong>naukowy spos\u00f3b postaram si\u0119 rozwik\u0142a\u0107 kilka zagadek i odpowiedzie\u0107<\/strong> <strong>na wiele pyta\u0144<\/strong>.<\/p>\n<\/div>\n\n\n\n<div class=\"wp-block-column is-layout-flow wp-block-column-is-layout-flow\">\n<figure class=\"wp-block-image size-large is-resized\"><img loading=\"lazy\" decoding=\"async\" width=\"724\" height=\"1024\" src=\"https:\/\/ciaoo.pl\/wp-content\/uploads\/2024\/08\/IMG_0619-724x1024.jpeg\" alt=\"\" class=\"wp-image-654\" style=\"width:71px;height:auto\" srcset=\"https:\/\/ciaoo.pl\/wp-content\/uploads\/2024\/08\/IMG_0619-724x1024.jpeg 724w, https:\/\/ciaoo.pl\/wp-content\/uploads\/2024\/08\/IMG_0619-212x300.jpeg 212w, https:\/\/ciaoo.pl\/wp-content\/uploads\/2024\/08\/IMG_0619-768x1086.jpeg 768w, https:\/\/ciaoo.pl\/wp-content\/uploads\/2024\/08\/IMG_0619-1086x1536.jpeg 1086w, https:\/\/ciaoo.pl\/wp-content\/uploads\/2024\/08\/IMG_0619-1448x2048.jpeg 1448w, https:\/\/ciaoo.pl\/wp-content\/uploads\/2024\/08\/IMG_0619-600x849.jpeg 600w, https:\/\/ciaoo.pl\/wp-content\/uploads\/2024\/08\/IMG_0619-scaled.jpeg 1810w\" sizes=\"auto, (max-width: 724px) 100vw, 724px\" \/><\/figure>\n\n\n\n<h3 class=\"wp-block-heading has-text-color has-link-color wp-elements-53622b60476c7f71784a308373fa2754\" style=\"color:#6a99f6;font-size:clamp(15.747px, 0.984rem + ((1vw - 3.2px) * 0.516), 24px);line-height:1.3\"><strong>Jakie s\u0105 kluczowe etapy pieczenia na zakwasie<\/strong><\/h3>\n\n\n\n<p><strong>3 przepisy,<\/strong> kt\u00f3re na pierwszy rzut oka s\u0105 bardzo podobne, ale <strong>stanowi\u0105 baz\u0119 dla bardzo r\u00f3\u017cnych<\/strong> i r\u00f3wnie niezwyk\u0142ych produkt\u00f3w, czyli od mieszania sk\u0142adnik\u00f3w po przechowywanie gotowego wypieku.<\/p>\n<\/div>\n<\/div>\n<\/div>\n<\/div>\n\n\n\n<div class=\"wp-block-group is-nowrap is-layout-flex wp-container-core-group-is-layout-6c531013 wp-block-group-is-layout-flex\">\n<figure class=\"wp-block-image size-large\"><img loading=\"lazy\" decoding=\"async\" width=\"724\" height=\"1024\" src=\"https:\/\/ciaoo.pl\/wp-content\/uploads\/2024\/08\/IMG_0612-724x1024.jpeg\" alt=\"\" class=\"wp-image-668\" srcset=\"https:\/\/ciaoo.pl\/wp-content\/uploads\/2024\/08\/IMG_0612-724x1024.jpeg 724w, https:\/\/ciaoo.pl\/wp-content\/uploads\/2024\/08\/IMG_0612-212x300.jpeg 212w, https:\/\/ciaoo.pl\/wp-content\/uploads\/2024\/08\/IMG_0612-768x1086.jpeg 768w, https:\/\/ciaoo.pl\/wp-content\/uploads\/2024\/08\/IMG_0612-1086x1536.jpeg 1086w, https:\/\/ciaoo.pl\/wp-content\/uploads\/2024\/08\/IMG_0612-1448x2048.jpeg 1448w, https:\/\/ciaoo.pl\/wp-content\/uploads\/2024\/08\/IMG_0612-600x849.jpeg 600w, https:\/\/ciaoo.pl\/wp-content\/uploads\/2024\/08\/IMG_0612-scaled.jpeg 1810w\" sizes=\"auto, (max-width: 724px) 100vw, 724px\" \/><\/figure>\n\n\n\n<h4 class=\"wp-block-heading has-foreground-color has-text-color has-link-color wp-elements-e1f26f647be75935a6a6885c7daa622a\"><strong>a wszystko to zilustrowane zabawnymi i prostymi ilustracjami pomagaj\u0105c ci zrozumie\u0107 nie zawsze \u0142atw\u0105 teori\u0119!<\/strong><br><\/h4>\n<\/div>\n\n\n\n<div class=\"wp-block-columns alignwide is-layout-flex wp-container-core-columns-is-layout-62a63864 wp-block-columns-is-layout-flex\" style=\"margin-top:0px;margin-bottom:80px\">\n<div class=\"wp-block-column is-vertically-aligned-center is-layout-flow wp-block-column-is-layout-flow\">\n<div class=\"wp-block-group has-global-padding is-layout-constrained wp-container-core-group-is-layout-7caf3d99 wp-block-group-is-layout-constrained\" style=\"margin-top:0;margin-bottom:0;padding-right:0;padding-left:0\">\n<h3 class=\"wp-block-heading has-vivid-red-color has-text-color has-link-color wp-elements-1cc6989be13a457a44277b48b63005e4\"><strong>Dodatkowo e-booku znajdziesz<\/strong>:<\/h3>\n\n\n\n<div class=\"wp-block-group is-nowrap is-layout-flex wp-container-core-group-is-layout-6c531013 wp-block-group-is-layout-flex\">\n<div class=\"wp-block-group has-global-padding is-layout-constrained wp-block-group-is-layout-constrained\">\n<figure class=\"wp-block-image size-large is-resized\"><img loading=\"lazy\" decoding=\"async\" width=\"1024\" height=\"724\" src=\"https:\/\/ciaoo.pl\/wp-content\/uploads\/2024\/08\/IMG_0593-1024x724.jpeg\" alt=\"\" class=\"wp-image-506\" style=\"width:530px;height:auto\" srcset=\"https:\/\/ciaoo.pl\/wp-content\/uploads\/2024\/08\/IMG_0593-1024x724.jpeg 1024w, https:\/\/ciaoo.pl\/wp-content\/uploads\/2024\/08\/IMG_0593-300x212.jpeg 300w, https:\/\/ciaoo.pl\/wp-content\/uploads\/2024\/08\/IMG_0593-768x543.jpeg 768w, https:\/\/ciaoo.pl\/wp-content\/uploads\/2024\/08\/IMG_0593-1536x1086.jpeg 1536w, https:\/\/ciaoo.pl\/wp-content\/uploads\/2024\/08\/IMG_0593-2048x1448.jpeg 2048w, https:\/\/ciaoo.pl\/wp-content\/uploads\/2024\/08\/IMG_0593-600x424.jpeg 600w\" sizes=\"auto, (max-width: 1024px) 100vw, 1024px\" \/><\/figure>\n<\/div>\n\n\n\n<div class=\"wp-block-group has-global-padding is-layout-constrained wp-container-core-group-is-layout-cc91c3e3 wp-block-group-is-layout-constrained\">\n<div class=\"wp-block-group has-global-padding is-layout-constrained wp-container-core-group-is-layout-e415b0de wp-block-group-is-layout-constrained\">\n<h5 class=\"wp-block-heading\" style=\"text-transform:capitalize\"><strong>ponad 40 oryginalnych Ilustracji<\/strong><\/h5>\n\n\n\n<p>E-book zawiera ponad<strong> 40 oryginalnych ilustracji, <\/strong>kt\u00f3re pomog\u0105 Ci zrozumie\u0107 skomplikowan\u0105 teori\u0119.<\/p>\n\n\n\n<p>Jestem przekonany, \u017ce wielokrotnie u\u015bmiechniesz si\u0119 na widok moich bohater\u00f3w \ud83d\ude09 <\/p>\n<\/div>\n\n\n\n<hr class=\"wp-block-separator has-alpha-channel-opacity is-style-wide\"\/>\n\n\n\n<div class=\"wp-block-group has-global-padding is-layout-constrained wp-container-core-group-is-layout-e415b0de wp-block-group-is-layout-constrained\">\n<h5 class=\"wp-block-heading\" style=\"text-transform:capitalize\"><strong>Wiele cennych wskaz\u00f3wek <\/strong><\/h5>\n\n\n\n<ul class=\"wp-block-list\">\n<li class=\"has-tiny-font-size\">na temat przygotowania i utrzymywania zakwasu<\/li>\n<\/ul>\n\n\n\n<ul class=\"wp-block-list\">\n<li class=\"has-tiny-font-size\">przygotowania produkt\u00f3w na zakwasie z uwzgl\u0119dnieniem temperatury, klimatu i innych czynnik\u00f3w &#8211; <strong>wszystko po to aby Twoje wypieki by\u0142y doskona\u0142e!!<\/strong><\/li>\n<\/ul>\n<\/div>\n\n\n\n<hr class=\"wp-block-separator has-alpha-channel-opacity is-style-wide\"\/>\n\n\n\n<div class=\"wp-block-group has-global-padding is-layout-constrained wp-container-core-group-is-layout-e415b0de wp-block-group-is-layout-constrained\">\n<h5 class=\"wp-block-heading\" style=\"text-transform:capitalize\"><strong>gotowe rozwi\u0105zania na chleb, pizz\u0119 i foccaci\u0119<\/strong><\/h5>\n\n\n\n<p>W e-booku znajdziesz <strong>3 standardowe przepisy<\/strong>, kt\u00f3re mo\u017cesz dowolnie komponowa\u0107 ze swoimi ulubionymi smakami. <\/p>\n\n\n\n<p>Psss&#8230; znajdziesz tam te\u017c kilka moich ulubionych propozycji na pizz\u0119!!<\/p>\n<\/div>\n\n\n\n<div class=\"wp-block-buttons is-layout-flex wp-block-buttons-is-layout-flex\">\n<div class=\"wp-block-button\"><a class=\"wp-block-button__link wp-element-button\" href=\"https:\/\/ciaoo.pl\/it\/czekam\/\">Poinformuj mnie o sprzeda\u017cy!!<\/a><\/div>\n<\/div>\n<\/div>\n<\/div>\n<\/div>\n<\/div>\n<\/div>\n\n\n\n<p><\/p>","protected":false},"excerpt":{"rendered":"","protected":false},"author":1,"featured_media":0,"parent":0,"menu_order":0,"comment_status":"closed","ping_status":"closed","template":"","meta":{"footnotes":""},"class_list":["post-870","page","type-page","status-publish","hentry"],"_links":{"self":[{"href":"https:\/\/ciaoo.pl\/it\/wp-json\/wp\/v2\/pages\/870","targetHints":{"allow":["GET"]}}],"collection":[{"href":"https:\/\/ciaoo.pl\/it\/wp-json\/wp\/v2\/pages"}],"about":[{"href":"https:\/\/ciaoo.pl\/it\/wp-json\/wp\/v2\/types\/page"}],"author":[{"embeddable":true,"href":"https:\/\/ciaoo.pl\/it\/wp-json\/wp\/v2\/users\/1"}],"replies":[{"embeddable":true,"href":"https:\/\/ciaoo.pl\/it\/wp-json\/wp\/v2\/comments?post=870"}],"version-history":[{"count":53,"href":"https:\/\/ciaoo.pl\/it\/wp-json\/wp\/v2\/pages\/870\/revisions"}],"predecessor-version":[{"id":1409,"href":"https:\/\/ciaoo.pl\/it\/wp-json\/wp\/v2\/pages\/870\/revisions\/1409"}],"wp:attachment":[{"href":"https:\/\/ciaoo.pl\/it\/wp-json\/wp\/v2\/media?parent=870"}],"curies":[{"name":"wp","href":"https:\/\/api.w.org\/{rel}","templated":true}]}}